{"id":66987,"date":"2013-03-15T17:59:55","date_gmt":"2013-03-15T15:59:55","guid":{"rendered":"https:\/\/mizramedical.com\/he\/blog\/"},"modified":"2016-08-07T19:42:57","modified_gmt":"2016-08-07T16:42:57","slug":"blog","status":"publish","type":"page","link":"https:\/\/mizramedical.com\/he\/blog\/","title":{"rendered":"\u05de\u05d0\u05de\u05e8\u05d9\u05dd"},"content":{"rendered":"<p>Note that you will probably want to test this page in conjunction with the <span style=\"text-decoration: underline;\"><strong>Home<\/strong><\/span>\u00c2 page.<\/p>\n<p>To test this page:<\/p>\n<ul>\n<li><span style=\"line-height: 1.714285714; font-size: 1rem;\">Navigate to\u00c2 <\/span><strong style=\"line-height: 1.714285714; font-size: 1rem;\"><em>Settings &gt; Reading<\/em><\/strong><span style=\"line-height: 1.714285714; font-size: 1rem;\">\u00c2 in the WordPress admin.<\/span><\/li>\n<li><span style=\"font-size: 1rem; line-height: 1.714285714;\">Then use the settings in the screenshot below.<\/span><\/li>\n<\/ul>\n<p><img loading=\"lazy\" decoding=\"async\" class=\"alignnone size-full wp-image-1071\" alt=\"Static Pages\" src=\"http:\/\/captivademo.commercegurus.com\/wp-content\/uploads\/placehold.it\/placehold.it-1390x1022.gif\" width=\"1390\" height=\"1022\" \/><\/p>\n<p>A few things to check once this is done.<\/p>\n<ul>\n<li>Navigating to the Blog page does <span style=\"text-decoration: underline;\"><strong>not<\/strong><\/span> display this page. It should display blog posts.<\/li>\n<li><span style=\"line-height: 1.714285714; font-size: 1rem;\">Check that the browser window \/ tab name is what you intend it to show.<\/span><\/li>\n<li>If your theme displays breadcrumbs, they should probably not show when this is the posts page.<\/li>\n<\/ul>\n","protected":false},"excerpt":{"rendered":"<p>Note that you will probably want to test this page in conjunction with the Home\u00c2 page. To test this page: Navigate to\u00c2 Settings &gt; Reading\u00c2 in the WordPress admin. Then use the settings in the screenshot below. A few things to check once this is done. Navigating to the Blog page does not display this [&hellip;]<\/p>\n","protected":false},"author":1,"featured_media":0,"parent":0,"menu_order":0,"comment_status":"closed","ping_status":"closed","template":"","meta":{"footnotes":""},"class_list":["post-66987","page","type-page","status-publish","hentry"],"_links":{"self":[{"href":"https:\/\/mizramedical.com\/he\/wp-json\/wp\/v2\/pages\/66987"}],"collection":[{"href":"https:\/\/mizramedical.com\/he\/wp-json\/wp\/v2\/pages"}],"about":[{"href":"https:\/\/mizramedical.com\/he\/wp-json\/wp\/v2\/types\/page"}],"author":[{"embeddable":true,"href":"https:\/\/mizramedical.com\/he\/wp-json\/wp\/v2\/users\/1"}],"replies":[{"embeddable":true,"href":"https:\/\/mizramedical.com\/he\/wp-json\/wp\/v2\/comments?post=66987"}],"version-history":[{"count":0,"href":"https:\/\/mizramedical.com\/he\/wp-json\/wp\/v2\/pages\/66987\/revisions"}],"wp:attachment":[{"href":"https:\/\/mizramedical.com\/he\/wp-json\/wp\/v2\/media?parent=66987"}],"curies":[{"name":"wp","href":"https:\/\/api.w.org\/{rel}","templated":true}]}}